{"id":2490,"date":"2023-11-16T13:16:53","date_gmt":"2021-03-09T14:11:37","guid":{"rendered":"https:\/\/ubx.ro\/consulting\/ubx\/services-3\/"},"modified":"2024-07-25T16:49:03","modified_gmt":"2024-07-25T13:49:03","slug":"termeni-si-conditii","status":"publish","type":"page","link":"https:\/\/ubx.ro\/consulting\/termeni-si-conditii\/","title":{"rendered":"Termeni \u0219i Condi\u021bii"},"content":{"rendered":"\t\t<div data-elementor-type=\"wp-page\" data-elementor-id=\"2490\" class=\"elementor elementor-2490\" data-elementor-post-type=\"page\">\n\t\t\t\t<div class=\"elementor-element elementor-element-74823f29 e-flex e-con-boxed e-con e-parent\" data-id=\"74823f29\" data-element_type=\"container\">\n\t\t\t\t\t<div class=\"e-con-inner\">\n\t\t<div class=\"elementor-element elementor-element-76f16c9 e-flex e-con-boxed e-con e-child\" data-id=\"76f16c9\" data-element_type=\"container\">\n\t\t\t\t\t<div class=\"e-con-inner\">\n\t\t\t\t\t<\/div>\n\t\t\t\t<\/div>\n\t\t\t\t<div class=\"elementor-element elementor-element-3593de39 elementor-widget elementor-widget-text-editor\" data-id=\"3593de39\" data-element_type=\"widget\" data-widget_type=\"text-editor.default\">\n\t\t\t\t<div class=\"elementor-widget-container\">\n\t\t\t<style>\/*! elementor - v3.23.0 - 05-08-2024 *\/\n.elementor-widget-text-editor.elementor-drop-cap-view-stacked .elementor-drop-cap{background-color:#69727d;color:#fff}.elementor-widget-text-editor.elementor-drop-cap-view-framed .elementor-drop-cap{color:#69727d;border:3px solid;background-color:transparent}.elementor-widget-text-editor:not(.elementor-drop-cap-view-default) .elementor-drop-cap{margin-top:8px}.elementor-widget-text-editor:not(.elementor-drop-cap-view-default) .elementor-drop-cap-letter{width:1em;height:1em}.elementor-widget-text-editor .elementor-drop-cap{float:left;text-align:center;line-height:1;font-size:50px}.elementor-widget-text-editor .elementor-drop-cap-letter{display:inline-block}<\/style>\t\t\t\t<h3 style=\"text-align: center;\">Termeni \u0219i Condi\u021bii<\/h3><p>\u00a0<\/p><h4>1. Introducere<\/h4><p>Bine a\u021bi venit pe site-ul ubx.ro. Utilizarea acestui site este condi\u021bionat\u0103 de acceptarea de c\u0103tre dumneavoastr\u0103 a termenilor \u0219i condi\u021biilor prezentate \u00een aceast\u0103 pagin\u0103. Prin accesarea \u0219i utilizarea site-ului nostru, sunte\u021bi de acord cu ace\u0219ti termeni \u0219i condi\u021bii \u00een totalitate.<\/p><h4>2. Defini\u021bii<\/h4><ul><li><strong>Compania:<\/strong> Ubx Studio Consulting SRL<\/li><li><strong>Site-ul:<\/strong> <a href=\"https:\/\/ubx.ro\">ubx.ro<\/a><\/li><li><strong>Utilizator:<\/strong> Orice persoan\u0103 care acceseaz\u0103 \u0219i utilizeaz\u0103 site-ul nostru.<\/li><\/ul><h4>3. Utilizarea Site-ului<\/h4><p>Utilizatorii trebuie s\u0103 foloseasc\u0103 site-ul doar \u00een scopuri legale \u0219i s\u0103 respecte toate legile \u0219i reglement\u0103rile aplicabile. Este interzis s\u0103 utiliza\u021bi site-ul \u00een orice mod care ar putea d\u0103una, dezactiva, supra\u00eenc\u0103rca sau afecta site-ul sau interferen\u021ba cu utilizarea \u0219i pl\u0103cerea site-ului de c\u0103tre al\u021bi utilizatori.<\/p><h4>4. Proprietatea Intelectual\u0103<\/h4><p>Tot con\u021binutul prezent pe acest site, inclusiv, dar f\u0103r\u0103 a se limita la, text, grafic\u0103, logo-uri, imagini, clipuri video \u0219i software, este proprietatea Ubx Studio Consulting SRL \u0219i este protejat de legile privind drepturile de autor \u0219i alte legi privind proprietatea intelectual\u0103. Nu ave\u021bi permisiunea s\u0103 copia\u021bi, distribui\u021bi, modifica\u021bi sau s\u0103 utiliza\u021bi \u00een orice alt mod con\u021binutul site-ului f\u0103r\u0103 consim\u021b\u0103m\u00e2ntul scris al Ubx Studio Consulting SRL.<\/p><h4>5. Confiden\u021bialitate<\/h4><p>Politica noastr\u0103 de confiden\u021bialitate, care stabile\u0219te modul \u00een care vom utiliza informa\u021biile dumneavoastr\u0103, poate fi g\u0103sit\u0103 [<a href=\"https:\/\/ubx.ro\/consulting\/consulting\/politica-de-confidentialitate\/\">aici<\/a>]. Utiliz\u00e2nd acest site, sunte\u021bi de acord cu prelucrarea informa\u021biilor dumneavoastr\u0103 conform politicii noastre de confiden\u021bialitate.<\/p><h4>6. Limitarea R\u0103spunderii<\/h4><p>Ubx Studio Consulting nu va fi responsabil\u0103 pentru niciun fel de pierderi sau daune care rezult\u0103 din utilizarea sau incapacitatea de a utiliza site-ul, inclusiv, dar f\u0103r\u0103 a se limita la, erori, omisiuni, \u00eentreruperi, defecte, \u00eent\u00e2rzieri \u00een func\u021bionare sau transmitere, viru\u0219i sau defec\u021biuni ale liniei.<\/p><h4>7. Modificarea Termenilor \u0219i Condi\u021biilor<\/h4><p>Ne rezerv\u0103m dreptul de a modifica ace\u0219ti termeni \u0219i condi\u021bii \u00een orice moment, f\u0103r\u0103 o notificare prealabil\u0103. Modific\u0103rile vor fi publicate pe aceast\u0103 pagin\u0103, iar utilizarea continu\u0103 a site-ului dup\u0103 publicarea modific\u0103rilor constituie acceptarea acestor modific\u0103ri de c\u0103tre dumneavoastr\u0103.<\/p><h4>8. Link-uri c\u0103tre Site-uri Ter\u021be<\/h4><p>Site-ul nostru poate con\u021bine link-uri c\u0103tre alte site-uri care nu sunt operate de noi. Nu avem control asupra con\u021binutului \u0219i practicilor acestor site-uri \u0219i nu ne asum\u0103m responsabilitatea pentru politicile lor de confiden\u021bialitate sau con\u021binutul acestora. V\u0103 recomand\u0103m s\u0103 citi\u021bi termenii \u0219i condi\u021biile \u0219i politicile de confiden\u021bialitate ale oric\u0103rui site ter\u021b pe care \u00eel vizita\u021bi.<\/p><h4>9. Legea Aplicabil\u0103<\/h4><p>Ace\u0219ti termeni \u0219i condi\u021bii sunt guverna\u021bi \u0219i interpreta\u021bi \u00een conformitate cu legile din EU\/Romania. Orice disput\u0103 ap\u0103rut\u0103 \u00een leg\u0103tur\u0103 cu ace\u0219ti termeni \u0219i condi\u021bii va fi supus\u0103 jurisdic\u021biei exclusive a instan\u021belor din EU \/ Romania.<\/p><h4>10. Contact<\/h4><p>Dac\u0103 ave\u021bi \u00eentreb\u0103ri sau nel\u0103muriri referitoare la ace\u0219ti termeni \u0219i condi\u021bii, v\u0103 rug\u0103m s\u0103 ne contacta\u021bi la:<\/p><p>Ubx Studio Consulting SRL<br \/>Str. Baia de Aram\u0103, Sector 2, Bucure\u0219ti, Romania 0754044657<br \/>email: <a href=\"mailto:office@ubx.ro\">office@ubx.ro<\/a><\/p>\t\t\t\t\t\t<\/div>\n\t\t\t\t<\/div>\n\t\t\t\t\t<\/div>\n\t\t\t\t<\/div>\n\t\t\t\t<\/div>\n\t\t","protected":false},"excerpt":{"rendered":"<p>Termeni \u0219i Condi\u021bii \u00a0 1. Introducere Bine a\u021bi venit pe site-ul ubx.ro. Utilizarea acestui site este condi\u021bionat\u0103 de acceptarea de [&hellip;]<\/p>\n","protected":false},"author":2,"featured_media":0,"parent":0,"menu_order":0,"comment_status":"closed","ping_status":"closed","template":"","meta":{"footnotes":""},"class_list":["post-2490","page","type-page","status-publish","hentry"],"_links":{"self":[{"href":"https:\/\/ubx.ro\/consulting\/wp-json\/wp\/v2\/pages\/2490","targetHints":{"allow":["GET"]}}],"collection":[{"href":"https:\/\/ubx.ro\/consulting\/wp-json\/wp\/v2\/pages"}],"about":[{"href":"https:\/\/ubx.ro\/consulting\/wp-json\/wp\/v2\/types\/page"}],"author":[{"embeddable":true,"href":"https:\/\/ubx.ro\/consulting\/wp-json\/wp\/v2\/users\/2"}],"replies":[{"embeddable":true,"href":"https:\/\/ubx.ro\/consulting\/wp-json\/wp\/v2\/comments?post=2490"}],"version-history":[{"count":0,"href":"https:\/\/ubx.ro\/consulting\/wp-json\/wp\/v2\/pages\/2490\/revisions"}],"wp:attachment":[{"href":"https:\/\/ubx.ro\/consulting\/wp-json\/wp\/v2\/media?parent=2490"}],"curies":[{"name":"wp","href":"https:\/\/api.w.org\/{rel}","templated":true}]}}